{"id":8026,"date":"2024-03-04T11:20:02","date_gmt":"2024-03-04T10:20:02","guid":{"rendered":"https:\/\/ansotec.witdesarrollo.es\/accesibilidad\/"},"modified":"2026-01-29T16:23:50","modified_gmt":"2026-01-29T15:23:50","slug":"accesibilidad","status":"publish","type":"page","link":"https:\/\/ansotec.com\/en\/accesibilidad\/","title":{"rendered":"Accesibilidad"},"content":{"rendered":"\n<p>ANSOTEC SOLUCIONES TECNOL\u00d3GICAS, S.L., empresa gestora de la marca \u00abANSOTEC\u00bb se ha comprometido a hacer accesible su sitio web de conformidad con el Real Decreto 1112\/2018, de 7 de septiembre, sobre accesibilidad de los sitios web y aplicaciones para dispositivos m\u00f3viles del sector p\u00fablico, o desarrollos financiados desde Europa.<\/p>\n\n\n\n<p>La presente declaraci\u00f3n de accesibilidad se aplica al sitio web <a href=\"https:\/\/ansotec.com\/en\/\">https:\/\/ansotec.com<\/a> excluyendo los contenidos incrustados provenientes de otros dominios.<\/p>\n\n\n\n<h3 class=\"wp-block-heading\">Situaci\u00f3n de cumplimiento<\/h3>\n\n\n\n<p>Este sitio web es <strong>parcialmente conforme<\/strong> con el <a href=\"https:\/\/www.boe.es\/diario_boe\/txt.php?id=BOE-A-2018-12699\" target=\"_blank\" rel=\"noreferrer noopener\">RD 1112\/2018<\/a> debido a la debido a las excepciones y a la falta de conformidad de los aspectos que se indican a continuaci\u00f3n.<\/p>\n\n\n\n<h3 class=\"wp-block-heading\">Contenido no accesible<\/h3>\n\n\n\n<p>El contenido que se recoge a continuaci\u00f3n no es accesible por los siguientes motivos:<\/p>\n\n\n\n<ul class=\"wp-block-list\">\n<li><strong>Falta de conformidad con el RD 1112\/2018:<\/strong>\n<ul class=\"wp-block-list\">\n<li>En el portal pueden existir contenidos en otros idiomas en los que no est\u00e1 etiquetado correctamente el cambio de idioma<\/li>\n\n\n\n<li>Los elementos multimedia solo audio no tienen alternativa<\/li>\n\n\n\n<li>Existen v\u00eddeos sin subt\u00edtulos<\/li>\n\n\n\n<li>Hay contenido textual sin un contraste suficiente<\/li>\n\n\n\n<li>Se observa como en algunos casos el foco no cumple con el m\u00ednimo ratio de contraste requerido<\/li>\n\n\n\n<li>En alg\u00fan caso puede producirse solapamiento de contenido<\/li>\n\n\n\n<li>Existen documentos PDF con problemas de accesibilidad<\/li>\n<\/ul>\n<\/li>\n\n\n\n<li><strong>Carga desproporcionada:<\/strong><\/li>\n<\/ul>\n\n\n\n<p> No aplica.<\/p>\n\n\n\n<ul class=\"wp-block-list\">\n<li><strong>Contenido no entra dentro del \u00e1mbito de la legislaci\u00f3n aplicable:<\/strong><\/li>\n<\/ul>\n\n\n\n<p> Pueden existir documentos en formato PDF publicados antes del 20 de septiembre de 2018 que no cumplan en su totalidad todos los requisitos de accesibilidad.<\/p>\n\n\n\n<h3 class=\"wp-block-heading\">Preparaci\u00f3n de la presente declaraci\u00f3n de accesibilidad<\/h3>\n\n\n\n<p>La presente declaraci\u00f3n fue preparada el 25 de abril de 2024.<\/p>\n\n\n\n<p>El m\u00e9todo empleado para la presente declaraci\u00f3n ha sido una autoevaluaci\u00f3n realizada por la propia empresa con el soporte de la Herramienta IRA (Informe de Revisi\u00f3n de Accesibilidad) del Observatorio de Accesibilidad.<\/p>\n\n\n\n<p>\u00daltima revisi\u00f3n de la declaraci\u00f3n: 25 de abril de 2024.<\/p>\n\n\n\n<h2 class=\"wp-block-heading\">Observaciones y datos de contacto<\/h2>\n\n\n\n<h3 class=\"wp-block-heading\">Comunicaciones sobre requisitos de accesibilidad<\/h3>\n\n\n\n<p>Puede realizar comunicaciones sobre requisitos de accesibilidad (art\u00edculo 10.2.a del RD 1112\/2018) como, por ejemplo:<\/p>\n\n\n\n<ul class=\"wp-block-list\">\n<li>informar sobre cualquier posible incumplimiento por parte de este sitio web.<\/li>\n\n\n\n<li>transmitir otras dificultades de acceso al contenido.<\/li>\n\n\n\n<li>formular cualquier otra consulta o sugerencia de mejora relativa a la accesibilidad del sitio web.<\/li>\n<\/ul>\n\n\n\n<p>a trav\u00e9s del formulario de contacto sobre requisitos de accesibilidad designado a tal efecto en la sede electr\u00f3nica de la Agencia.<\/p>\n\n\n\n<p>Las comunicaciones ser\u00e1n recibidas y tratadas por la Unidad Responsable de Accesibilidad de la Subdirecci\u00f3n General de Promoci\u00f3n y Autorizaciones.<\/p>\n\n\n\n<h3 class=\"wp-block-heading\">Solicitudes de informaci\u00f3n accesible y quejas<\/h3>\n\n\n\n<p>A trav\u00e9s del formulario de solicitudes de informaci\u00f3n accesible y de quejas en materia de quejas de accesibilidad puede presentar:<\/p>\n\n\n\n<ul class=\"wp-block-list\">\n<li>una Queja relativa al cumplimiento de los requisitos del RD 1112\/2018 o<\/li>\n\n\n\n<li>una Solicitud de Informaci\u00f3n accesible relativa a:\n<ul class=\"wp-block-list\">\n<li>contenidos que est\u00e1n excluidos del \u00e1mbito de aplicaci\u00f3n del RD 1112\/2018 seg\u00fan lo establecido por el art\u00edculo 3, apartado 4<\/li>\n\n\n\n<li>contenidos que est\u00e1n exentos del cumplimiento de los requisitos de accesibilidad por imponer una carga desproporcionada.<\/li>\n<\/ul>\n<\/li>\n<\/ul>\n\n\n\n<p>En la Solicitud de informaci\u00f3n accesible, se debe concretar, con toda claridad, los hechos, razones y petici\u00f3n que permitan constatar que se trata de una solicitud razonable y leg\u00edtima.<\/p>\n\n\n\n<h3 class=\"wp-block-heading\">Prodecimiento de aplicaci\u00f3n<\/h3>\n\n\n\n<p>Si una vez realizada una solicitud de informaci\u00f3n accesible o queja, \u00e9sta hubiera sido desestimada, no se estuviera de acuerdo con la decisi\u00f3n adoptada, o la respuesta no cumpliera los requisitos contemplados en el art\u00edculo 12.5 del RD 1112\/2018, la persona interesada podr\u00e1 iniciar una reclamaci\u00f3n. Igualmente se podr\u00e1 iniciar una reclamaci\u00f3n en el caso de no haber obtenido respuesta.<\/p>\n\n\n\n<p>El procedimiento reclamaci\u00f3n recogido en el art\u00edculo 13 del RD 1112\/2018, puede iniciarse a trav\u00e9s de este enlace.<\/p>\n\n\n\n<h3 class=\"wp-block-heading\">Contenido opcional<\/h3>\n\n\n\n<p>El sitio web:<\/p>\n\n\n\n<ul class=\"wp-block-list\">\n<li><strong>se ha dise\u00f1ado adapt\u00e1ndose a los est\u00e1ndares y normativas vigentes en relaci\u00f3n a la accesibilidad, cumpliendo con los puntos de verificaci\u00f3n de prioridad 2 (AA) definidos en la especificaci\u00f3n de Pautas de Accesibilidad al Contenido en la Web (WCAG 2.1)<\/strong>.<\/li>\n\n\n\n<li><strong>est\u00e1 optimizado para las \u00faltimas versiones vigentes de Chrome, Edge, Firefox, Safari y Opera<\/strong>.<\/li>\n\n\n\n<li><strong>est\u00e1 dise\u00f1ado para su correcta visualizaci\u00f3n en cualquier resoluci\u00f3n y dispositivo de escritorio, tabletas o m\u00f3viles (dise\u00f1o <\/strong><em>responsive<\/em><strong>).<\/strong><\/li>\n\n\n\n<li><strong>se ha realizado utilizando HTML5 como lenguaje de marcado y hojas de estilo CSS 3 para su dise\u00f1o.<\/strong><\/li>\n<\/ul>\n\n\n\n<p>Adem\u00e1s, se realiza un trabajo continuo de auditor\u00eda y revisi\u00f3n de contenidos para facilitar su interpretaci\u00f3n y mejorar la navegaci\u00f3n por el portal web.<\/p>\n\n\n\n<h3 class=\"wp-block-heading\">Herramienta de accesibilidad web<\/h3>\n\n\n\n<figure class=\"wp-block-image size-full\"><img decoding=\"async\" width=\"51\" height=\"54\" src=\"https:\/\/ansotec.com\/wp-content\/uploads\/2024\/04\/logo-accesibilidad.png\" alt=\"\" class=\"wp-image-8020\"\/><\/figure>\n\n\n\n<p>El sitio web dispone de una <strong>herramienta de accesibilidad<\/strong> activable mediante un bot\u00f3n fijo situado en el margen izquierdo de la pantalla que permite:<\/p>\n\n\n\n<ul class=\"wp-block-list\">\n<li><strong>Aumentar o disminuir el texto.<\/strong><\/li>\n\n\n\n<li>Modo <strong>escala de grises<\/strong>.<\/li>\n\n\n\n<li>Modo <strong>alto contraste<\/strong>.<\/li>\n\n\n\n<li>Modo <strong>constraste negativo<\/strong>.<\/li>\n\n\n\n<li><strong>Fondo claro<\/strong>.<\/li>\n\n\n\n<li><strong>Subrayar enlaces<\/strong>.<\/li>\n\n\n\n<li>Textos en <strong>negrita<\/strong>.<\/li>\n<\/ul>\n","protected":false},"excerpt":{"rendered":"<p>ANSOTEC SOLUCIONES TECNOL\u00d3GICAS, S.L., empresa gestora de la marca \u00abANSOTEC\u00bb se ha comprometido a hacer accesible su sitio web de conformidad con el Real Decreto 1112\/2018, de 7 de septiembre, sobre accesibilidad de los sitios web y aplicaciones para dispositivos m\u00f3viles del sector p\u00fablico, o desarrollos financiados desde Europa. La presente declaraci\u00f3n de accesibilidad se [&hellip;]<\/p>\n","protected":false},"author":1,"featured_media":0,"parent":0,"menu_order":0,"comment_status":"closed","ping_status":"closed","template":"","meta":{"footnotes":""},"class_list":["post-8026","page","type-page","status-publish","hentry"],"yoast_head":"<!-- This site is optimized with the Yoast SEO plugin v27.2 - https:\/\/yoast.com\/product\/yoast-seo-wordpress\/ -->\n<title>Accesibilidad &#8212; Ansotec<\/title>\n<meta name=\"description\" content=\"Accesibilidad &#8212; Ansotec\" \/>\n<meta name=\"robots\" content=\"noindex, nofollow\" \/>\n<meta property=\"og:locale\" content=\"en_US\" \/>\n<meta property=\"og:type\" content=\"article\" \/>\n<meta property=\"og:title\" content=\"Accesibilidad &#8212; Ansotec\" \/>\n<meta property=\"og:description\" content=\"Accesibilidad &#8212; Ansotec\" \/>\n<meta property=\"og:url\" content=\"https:\/\/ansotec.com\/en\/accesibilidad\/\" \/>\n<meta property=\"og:site_name\" content=\"Ansotec\" \/>\n<meta property=\"article:modified_time\" content=\"2026-01-29T15:23:50+00:00\" \/>\n<meta property=\"og:image\" content=\"https:\/\/ansotec.com\/wp-content\/uploads\/2024\/04\/logo-accesibilidad.png\" \/>\n\t<meta property=\"og:image:width\" content=\"51\" \/>\n\t<meta property=\"og:image:height\" content=\"54\" \/>\n\t<meta property=\"og:image:type\" content=\"image\/png\" \/>\n<meta name=\"twitter:card\" content=\"summary_large_image\" \/>\n<meta name=\"twitter:label1\" content=\"Est. reading time\" \/>\n\t<meta name=\"twitter:data1\" content=\"4 minutes\" \/>\n<script type=\"application\/ld+json\" class=\"yoast-schema-graph\">{\"@context\":\"https:\/\/schema.org\",\"@graph\":[{\"@type\":\"WebPage\",\"@id\":\"https:\/\/ansotec.com\/en\/accesibilidad\/\",\"url\":\"https:\/\/ansotec.com\/en\/accesibilidad\/\",\"name\":\"Accesibilidad &#8212; Ansotec\",\"isPartOf\":{\"@id\":\"https:\/\/ansotec.com\/#website\"},\"primaryImageOfPage\":{\"@id\":\"https:\/\/ansotec.com\/en\/accesibilidad\/#primaryimage\"},\"image\":{\"@id\":\"https:\/\/ansotec.com\/en\/accesibilidad\/#primaryimage\"},\"thumbnailUrl\":\"https:\/\/ansotec.com\/wp-content\/uploads\/2024\/04\/logo-accesibilidad.png\",\"datePublished\":\"2024-03-04T10:20:02+00:00\",\"dateModified\":\"2026-01-29T15:23:50+00:00\",\"description\":\"Accesibilidad &#8212; Ansotec\",\"breadcrumb\":{\"@id\":\"https:\/\/ansotec.com\/en\/accesibilidad\/#breadcrumb\"},\"inLanguage\":\"en-US\",\"potentialAction\":[{\"@type\":\"ReadAction\",\"target\":[\"https:\/\/ansotec.com\/en\/accesibilidad\/\"]}]},{\"@type\":\"ImageObject\",\"inLanguage\":\"en-US\",\"@id\":\"https:\/\/ansotec.com\/en\/accesibilidad\/#primaryimage\",\"url\":\"https:\/\/ansotec.com\/wp-content\/uploads\/2024\/04\/logo-accesibilidad.png\",\"contentUrl\":\"https:\/\/ansotec.com\/wp-content\/uploads\/2024\/04\/logo-accesibilidad.png\"},{\"@type\":\"BreadcrumbList\",\"@id\":\"https:\/\/ansotec.com\/en\/accesibilidad\/#breadcrumb\",\"itemListElement\":[{\"@type\":\"ListItem\",\"position\":1,\"name\":\"Inicio\",\"item\":\"https:\/\/ansotec.com\/en\/home\/\"},{\"@type\":\"ListItem\",\"position\":2,\"name\":\"Accesibilidad\"}]},{\"@type\":\"WebSite\",\"@id\":\"https:\/\/ansotec.com\/#website\",\"url\":\"https:\/\/ansotec.com\/\",\"name\":\"Ansotec\",\"description\":\"La Misi\u00f3n de Ansotec consiste en liderar la transformaci\u00f3n digital en la industria espa\u00f1ola optimizando los procesos productivos de nuestros clientes a trav\u00e9s de la ingenier\u00eda y control industrial, mejorando la rentabilidad y aportando ventajas competitivas sostenibles a largo plazo a trav\u00e9s de un servicio integral.\",\"alternateName\":\"Transformaci\u00f3n digital para la industria\",\"potentialAction\":[{\"@type\":\"SearchAction\",\"target\":{\"@type\":\"EntryPoint\",\"urlTemplate\":\"https:\/\/ansotec.com\/?s={search_term_string}\"},\"query-input\":{\"@type\":\"PropertyValueSpecification\",\"valueRequired\":true,\"valueName\":\"search_term_string\"}}],\"inLanguage\":\"en-US\"}]}<\/script>\n<!-- \/ Yoast SEO plugin. -->","yoast_head_json":{"title":"Accesibilidad &#8212; Ansotec","description":"Accesibilidad &#8212; Ansotec","robots":{"index":"noindex","follow":"nofollow"},"og_locale":"en_US","og_type":"article","og_title":"Accesibilidad &#8212; Ansotec","og_description":"Accesibilidad &#8212; Ansotec","og_url":"https:\/\/ansotec.com\/en\/accesibilidad\/","og_site_name":"Ansotec","article_modified_time":"2026-01-29T15:23:50+00:00","og_image":[{"width":51,"height":54,"url":"https:\/\/ansotec.com\/wp-content\/uploads\/2024\/04\/logo-accesibilidad.png","type":"image\/png"}],"twitter_card":"summary_large_image","twitter_misc":{"Est. reading time":"4 minutes"},"schema":{"@context":"https:\/\/schema.org","@graph":[{"@type":"WebPage","@id":"https:\/\/ansotec.com\/en\/accesibilidad\/","url":"https:\/\/ansotec.com\/en\/accesibilidad\/","name":"Accesibilidad &#8212; Ansotec","isPartOf":{"@id":"https:\/\/ansotec.com\/#website"},"primaryImageOfPage":{"@id":"https:\/\/ansotec.com\/en\/accesibilidad\/#primaryimage"},"image":{"@id":"https:\/\/ansotec.com\/en\/accesibilidad\/#primaryimage"},"thumbnailUrl":"https:\/\/ansotec.com\/wp-content\/uploads\/2024\/04\/logo-accesibilidad.png","datePublished":"2024-03-04T10:20:02+00:00","dateModified":"2026-01-29T15:23:50+00:00","description":"Accesibilidad &#8212; Ansotec","breadcrumb":{"@id":"https:\/\/ansotec.com\/en\/accesibilidad\/#breadcrumb"},"inLanguage":"en-US","potentialAction":[{"@type":"ReadAction","target":["https:\/\/ansotec.com\/en\/accesibilidad\/"]}]},{"@type":"ImageObject","inLanguage":"en-US","@id":"https:\/\/ansotec.com\/en\/accesibilidad\/#primaryimage","url":"https:\/\/ansotec.com\/wp-content\/uploads\/2024\/04\/logo-accesibilidad.png","contentUrl":"https:\/\/ansotec.com\/wp-content\/uploads\/2024\/04\/logo-accesibilidad.png"},{"@type":"BreadcrumbList","@id":"https:\/\/ansotec.com\/en\/accesibilidad\/#breadcrumb","itemListElement":[{"@type":"ListItem","position":1,"name":"Inicio","item":"https:\/\/ansotec.com\/en\/home\/"},{"@type":"ListItem","position":2,"name":"Accesibilidad"}]},{"@type":"WebSite","@id":"https:\/\/ansotec.com\/#website","url":"https:\/\/ansotec.com\/","name":"Ansotec","description":"La Misi\u00f3n de Ansotec consiste en liderar la transformaci\u00f3n digital en la industria espa\u00f1ola optimizando los procesos productivos de nuestros clientes a trav\u00e9s de la ingenier\u00eda y control industrial, mejorando la rentabilidad y aportando ventajas competitivas sostenibles a largo plazo a trav\u00e9s de un servicio integral.","alternateName":"Transformaci\u00f3n digital para la industria","potentialAction":[{"@type":"SearchAction","target":{"@type":"EntryPoint","urlTemplate":"https:\/\/ansotec.com\/?s={search_term_string}"},"query-input":{"@type":"PropertyValueSpecification","valueRequired":true,"valueName":"search_term_string"}}],"inLanguage":"en-US"}]}},"_links":{"self":[{"href":"https:\/\/ansotec.com\/en\/wp-json\/wp\/v2\/pages\/8026","targetHints":{"allow":["GET"]}}],"collection":[{"href":"https:\/\/ansotec.com\/en\/wp-json\/wp\/v2\/pages"}],"about":[{"href":"https:\/\/ansotec.com\/en\/wp-json\/wp\/v2\/types\/page"}],"author":[{"embeddable":true,"href":"https:\/\/ansotec.com\/en\/wp-json\/wp\/v2\/users\/1"}],"replies":[{"embeddable":true,"href":"https:\/\/ansotec.com\/en\/wp-json\/wp\/v2\/comments?post=8026"}],"version-history":[{"count":3,"href":"https:\/\/ansotec.com\/en\/wp-json\/wp\/v2\/pages\/8026\/revisions"}],"predecessor-version":[{"id":9067,"href":"https:\/\/ansotec.com\/en\/wp-json\/wp\/v2\/pages\/8026\/revisions\/9067"}],"wp:attachment":[{"href":"https:\/\/ansotec.com\/en\/wp-json\/wp\/v2\/media?parent=8026"}],"curies":[{"name":"wp","href":"https:\/\/api.w.org\/{rel}","templated":true}]}}