{"id":7224,"date":"2024-03-04T11:19:48","date_gmt":"2024-03-04T10:19:48","guid":{"rendered":"https:\/\/ansotec.witdesarrollo.es\/cookies-policy\/"},"modified":"2026-02-02T17:18:12","modified_gmt":"2026-02-02T16:18:12","slug":"cookies-policy","status":"publish","type":"page","link":"https:\/\/ansotec.com\/en\/cookies-policy\/","title":{"rendered":"Cookies policy"},"content":{"rendered":"\n<h1 class=\"wp-block-heading has-text-color has-link-color wp-elements-e9167716d151030b6a0758738e93e69e\" style=\"color:#ffffff03\">COOKIES POLICY<\/h1>\n\n\n\n<p>ANSOTEC le informa que este Sitio Web utiliza cookies que ayudan a optimizar su visita. Si continua navegando en este Sitio Web, consideramos que acepta su uso, tal y como se advierte en el aviso habilitado en la web.<\/p>\n\n\n\n<p>Una cookie es un fichero que se descarga en su ordenador al acceder a determinadas p\u00e1ginas web. Las cookies permiten a un Sitio Web, entre otras cosas, almacenar y recuperar informaci\u00f3n sobre los h\u00e1bitos de navegaci\u00f3n de un usuario o de su equipo y, dependiendo de la informaci\u00f3n que contengan y<br>de la forma en que utilice su equipo, pueden utilizarse para reconocer al Usuario.<\/p>\n\n\n\n<p>ANSOTEC tiene la obligaci\u00f3n por el Real Decreto-ley 13\/2012 que modifica la Ley 34\/2002, de 11 de julio, de Servicios de la Sociedad de la Informaci\u00f3n y de Comercio Electr\u00f3nico, de informar y obtener el consentimiento del Usuario acerca del uso de las cookies en este Sitio Web.<\/p>\n\n\n\n<h3 class=\"wp-block-heading\">Tipos de cookies seg\u00fan la entidad que las gestione:<\/h3>\n\n\n\n<ul class=\"wp-block-list\">\n<li><strong>Cookies propias:<\/strong> son aquellas que se env\u00edan al equipo terminal del usuario desde otro equipo o dominio gestionado por el propio editor y desde el que se presta el servicio solicitado por dicho usuario.<\/li>\n\n\n\n<li><strong>Cookies de terceros<\/strong>: son aquellas que se env\u00edan al equipo terminal del usuario desde otro equipo o dominio que no es gestionado por el editor, sino por otra entidad que trata los datos obtenidos a trav\u00e9s de las cookies.<\/li>\n<\/ul>\n\n\n\n<h3 class=\"wp-block-heading\">Tipos de cookies seg\u00fan el plazo de tiempo que permanecen activadas:<\/h3>\n\n\n\n<ul class=\"wp-block-list\">\n<li><strong>Cookies de sesi\u00f3n:<\/strong> son un tipo de cookies dise\u00f1adas para recabar y almacenar datos mientras el usuario accede a una p\u00e1gina web.<\/li>\n\n\n\n<li><strong>Cookies persistentes:<\/strong> son un tipo de cookies en las que los datos siguen almacenados en el terminal y pueden ser accedidos y tratados durante un periodo definido por el responsable de la cookie, y que puede ir de unos minutos a varios a\u00f1os.<\/li>\n<\/ul>\n\n\n\n<h3 class=\"wp-block-heading\">Tipos de cookies seg\u00fan su finalidad:<\/h3>\n\n\n\n<ul class=\"wp-block-list\">\n<li><strong>Cookies t\u00e9cnicas:<\/strong> son aquellas que permiten al usuario la navegaci\u00f3n a trav\u00e9s de una p\u00e1gina web, plataforma o aplicaci\u00f3n y la utilizaci\u00f3n de las diferentes opciones o servicios que en ella existan como, por ejemplo, controlar el tr\u00e1fico y la comunicaci\u00f3n de datos, identificar la sesi\u00f3n, acceder a partes de acceso restringido, recordar los elementos que integran un pedido, realizar el proceso de compra de un pedido, realizar la solicitud de inscripci\u00f3n o participaci\u00f3n en un evento, utilizar elementos de seguridad durante la navegaci\u00f3n, almacenar contenidos para la difusi\u00f3n de videos o sonido o compartir contenido a trav\u00e9s de redes sociales.<\/li>\n\n\n\n<li><strong>Cookies de personalizaci\u00f3n:<\/strong> son aquellas que permiten al usuario acceder al servicio con algunas caracter\u00edsticas de car\u00e1cter general predefinidas en funci\u00f3n de una serie de criterios en el terminal del usuario como por ejemplo ser\u00eda el idioma, el tipo de navegador a trav\u00e9s del cual accede al servicio, la configuraci\u00f3n regional desde donde accede al servicio, etc.<\/li>\n\n\n\n<li><strong>Cookies de an\u00e1lisis:<\/strong> Son aquellas que permiten al responsable de las mismas el seguimiento y an\u00e1lisis del comportamiento de los usuarios de los sitios web a los que est\u00e1n vinculadas, incluida la cuantificaci\u00f3n de los impactos de los anuncios. La informaci\u00f3n recogida mediante este tipo de cookies se utiliza en la medici\u00f3n de la actividad de los sitios web, aplicaci\u00f3n o plataforma, con el fin de introducir mejoras en funci\u00f3n del an\u00e1lisis de los datos de uso que hacen los usuarios del servicio.<\/li>\n\n\n\n<li><strong>Cookies de publicidad comportamental:<\/strong> son aquellas que almacenan informaci\u00f3n del comportamiento de los usuarios obtenida a trav\u00e9s de la observaci\u00f3n continuada de sus h\u00e1bitos de navegaci\u00f3n, lo que permite desarrollar un perfil espec\u00edfico para mostrar publicidad en funci\u00f3n del mismo.<\/li>\n<\/ul>\n\n\n\n<h3 class=\"wp-block-heading\">\u00bfQu\u00e9 cookies utilizamos en ANSOTEC?<\/h3>\n\n\n\n<p><strong>Cookies t\u00e9cnicas:<\/strong><\/p>\n\n\n\n<ul class=\"wp-block-list\">\n<li><strong>moove_gdpr_popup<\/strong>: Comprueba si debe mostrar o no el aviso de cookies (si ya ha sido aceptado o rechazado no se vuelve a mostrar mientras persista esta cookie). Expira en 1 a\u00f1o.<\/li>\n\n\n\n<li><strong>cpnb_cookiesSettings<\/strong>: Comprueba qu\u00e9 categor\u00edas de cookies se aceptan o rechazan (por ejemplo, cookies anal\u00edticas, cookies de publicidad dirigida, etc.). Expira en 1 a\u00f1o.<\/li>\n\n\n\n<li><strong>wordpress_[hash]:<\/strong> Cookie restringida al \u00e1rea de administraci\u00f3n (wp-admin). No se ve en el frontend incluso estando registrado. Guarda tus datos de acceso. <strong>T\u00e9cnica de sesi\u00f3n. Necesaria.<\/strong><\/li>\n\n\n\n<li><strong>wordpress_sec_[hash]:<\/strong> Lo mismo que la anterior. <strong>Necesaria<\/strong>.<\/li>\n\n\n\n<li><strong>wordpress_logged_in_[hash]:<\/strong> Guarda quien eres mientras est\u00e1s registrado y lo usa WordPress para su interfaz. <strong>T\u00e9cnica de sesi\u00f3n. Necesaria<\/strong>.<\/li>\n\n\n\n<li><strong>wp-postpass_[hash]<\/strong>: Cookie donde se guarda el acceso a p\u00e1ginas protegidas con contrase\u00f1a. <strong>T\u00e9cnica persistente. Tiempo por defecto 10 d\u00edas<\/strong>.<\/li>\n<\/ul>\n\n\n\n<p><strong>Cookies anal\u00edticas:<\/strong><\/p>\n\n\n\n<p>Son aquellas que bien tratadas por nosotros o por terceros, nos permiten cuantificar el n\u00famero de usuarios y as\u00ed realizar la medici\u00f3n y an\u00e1lisis estad\u00edstico de la utilizaci\u00f3n que hacen los usuarios del servicio ofertado. Para ello se analiza su navegaci\u00f3n en nuestra p\u00e1gina web con el fin de mejorar la oferta de productos o servicios que le ofrecemos.<\/p>\n\n\n\n<ul class=\"wp-block-list\">\n<li><strong>_ga:<\/strong> Anal\u00edtica de Google. Se usa para distinguir a los usuarios (expira en 2 a\u00f1os).<\/li>\n\n\n\n<li><strong>_gid:<\/strong> Se usa para distinguir a los usuarios (expira en 24 horas).<\/li>\n\n\n\n<li><strong>_gat:<\/strong> Se usa para limitar el porcentaje de solicitudes (expira en 1 minuto).<\/li>\n<\/ul>\n\n\n\n<p>M\u00e1s informaci\u00f3n sobre estas cookies en <a href=\"https:\/\/www.google.es\/analytics\/terms\/es.html\">Google Analytics<\/a>.<\/p>\n\n\n\n<p><strong>Cookies de publicidad y redes sociales:<\/strong><\/p>\n\n\n\n<ul class=\"wp-block-list\">\n<li><strong>_fbq: <\/strong>Usada por el p\u00edxel de Facebook para realizar el seguimiento de la visita. Expira en 3 meses.<\/li>\n<\/ul>\n\n\n\n<h3 class=\"wp-block-heading\">Revocaci\u00f3n de consentimiento de uso de Cookies:<\/h3>\n\n\n\n<p>Si deseas revocar o volver a configurar tu consentimiento, dispones de un bot\u00f3n flotante permantente situado en la parte inferior derecha de la pantalla con acceso a los ajustes de cookies.<\/p>\n\n\n\n<h3 class=\"wp-block-heading\">\u00bfC\u00f3mo se gestionan las cookies?<\/h3>\n\n\n\n<p>Puesto que las cookies son archivos de texto normales, se pueden explorar con la mayor\u00eda de editores de texto o programas de procesamiento de texto. Puede hacer clic en una cookie para abrirla. A continuaci\u00f3n, se indica una lista de enlaces sobre c\u00f3mo ver cookies en diferentes navegadores. Si utiliza otro navegador, consulte la informaci\u00f3n sobre cookies en el propio navegador. Si utiliza un tel\u00e9fono m\u00f3vil, consulte el manual del dispositivo para obtener m\u00e1s informaci\u00f3n.<\/p>\n\n\n\n<ul class=\"wp-block-list\">\n<li>Firefox: <a href=\"https:\/\/support.mozilla.org\/en-US\/kb\/cookies-information-websites-store-on-your-computer\" target=\"_blank\" rel=\"noreferrer noopener\">https:\/\/support.mozilla.org\/en-US\/kb\/cookies-information-websites-store-on-your-computer<\/a><\/li>\n\n\n\n<li>Chrome: <a href=\"https:\/\/support.google.com\/chrome\/bin\/answer.py?hl=en&amp;answer=95647&amp;topic=14666&amp;ctx=topic\" target=\"_blank\" rel=\"noreferrer noopener\">https:\/\/support.google.com\/chrome\/bin\/answer.py?hl=en&amp;answer=95647&amp;topic=14666&amp;ctx=topic<\/a><\/li>\n\n\n\n<li>Internet Explorer 8-10: <a href=\"https:\/\/windows.microsoft.com\/en-US\/internet-explorer\/delete-manage-cookies\" target=\"_blank\" rel=\"noreferrer noopener\">https:\/\/windows.microsoft.com\/en-US\/internet-explorer\/delete-manage-cookies<\/a><\/li>\n\n\n\n<li>Safari: <a href=\"https:\/\/support.apple.com\/kb\/ph5042\" target=\"_blank\" rel=\"noreferrer noopener\">https:\/\/support.apple.com\/kb\/ph5042<\/a><\/li>\n\n\n\n<li>Opera: <a href=\"https:\/\/help.opera.com\/Windows\/12.00\/es-ES\/cookies.html\" target=\"_blank\" rel=\"noreferrer noopener\">https:\/\/help.opera.com\/Windows\/12.00\/es-ES\/cookies.html<\/a><\/li>\n<\/ul>\n\n\n\n<h3 class=\"wp-block-heading\">Desactivaci\u00f3n\/activaci\u00f3n o eliminaci\u00f3n de cookies:<\/h3>\n\n\n\n<p>Para restringir o bloquear las cookies, se hace a trav\u00e9s de la configuraci\u00f3n del navegador.<\/p>\n\n\n\n<p>Si no desea que los sitios web pongan ninguna cookie en su equipo, puede adaptar la configuraci\u00f3n del navegador de modo que se le notifique antes de que se coloque ninguna cookie. De igual modo, puede adaptar la configuraci\u00f3n de forma que el navegador rechace todas las cookies, o \u00fanicamente las cookies de terceros. Tambi\u00e9n puede eliminar cualquiera de las cookies que ya se encuentren en el equipo. Tenga en cuenta que tendr\u00e1 que adaptar por separado la configuraci\u00f3n de cada navegador y equipo que utilice.<\/p>\n\n\n\n<p>Tenga en cuenta que si no desea recibir cookies, ya no podremos garantizar que nuestro sitio web funcione debidamente. Puede que algunas funciones del sitio se pierdan y es posible que ya no pueda ver ciertos sitios web. Rechazar las cookies no significa que ya no vaya a ver anuncios publicitarios. Simplemente los anuncios no se ajustar\u00e1n a sus intereses y se repetir\u00e1n con m\u00e1s frecuencia.<\/p>\n\n\n\n<p>Cada navegador posee un m\u00e9todo distinto para adaptar la configuraci\u00f3n. Si fuera necesario, consulte la funci\u00f3n de ayuda del navegador para establecer la configuraci\u00f3n correcta.<\/p>\n\n\n\n<p>Para desactivar las cookies en el tel\u00e9fono m\u00f3vil, consulte el manual del dispositivo para obtener m\u00e1s informaci\u00f3n.<\/p>\n\n\n\n<p>Puede obtener m\u00e1s informaci\u00f3n sobre las cookies en Internet, <a href=\"https:\/\/www.aboutcookies.org\/\" target=\"_blank\" rel=\"noreferrer noopener\">https:\/\/www.aboutcookies.org<\/a>.<\/p>\n\n\n\n<p><\/p>\n","protected":false},"excerpt":{"rendered":"<p>COOKIES POLICY ANSOTEC le informa que este Sitio Web utiliza cookies que ayudan a optimizar su visita. Si continua navegando en este Sitio Web, consideramos que acepta su uso, tal y como se advierte en el aviso habilitado en la web. Una cookie es un fichero que se descarga en su ordenador al acceder a [&hellip;]<\/p>\n","protected":false},"author":1,"featured_media":0,"parent":0,"menu_order":0,"comment_status":"closed","ping_status":"closed","template":"","meta":{"footnotes":""},"class_list":["post-7224","page","type-page","status-publish","hentry"],"yoast_head":"<!-- This site is optimized with the Yoast SEO plugin v27.2 - https:\/\/yoast.com\/product\/yoast-seo-wordpress\/ -->\n<title>Cookies policy &#8212; Ansotec<\/title>\n<meta name=\"description\" content=\"Cookies policy &#8212; Ansotec\" \/>\n<meta name=\"robots\" content=\"noindex, nofollow\" \/>\n<meta property=\"og:locale\" content=\"en_US\" \/>\n<meta property=\"og:type\" content=\"article\" \/>\n<meta property=\"og:title\" content=\"Cookies policy &#8212; Ansotec\" \/>\n<meta property=\"og:description\" content=\"Cookies policy &#8212; Ansotec\" \/>\n<meta property=\"og:url\" content=\"https:\/\/ansotec.com\/en\/cookies-policy\/\" \/>\n<meta property=\"og:site_name\" content=\"Ansotec\" \/>\n<meta property=\"article:modified_time\" content=\"2026-02-02T16:18:12+00:00\" \/>\n<meta name=\"twitter:card\" content=\"summary_large_image\" \/>\n<meta name=\"twitter:label1\" content=\"Est. reading time\" \/>\n\t<meta name=\"twitter:data1\" content=\"6 minutes\" \/>\n<script type=\"application\/ld+json\" class=\"yoast-schema-graph\">{\"@context\":\"https:\/\/schema.org\",\"@graph\":[{\"@type\":\"WebPage\",\"@id\":\"https:\/\/ansotec.com\/en\/cookies-policy\/\",\"url\":\"https:\/\/ansotec.com\/en\/cookies-policy\/\",\"name\":\"Cookies policy &#8212; Ansotec\",\"isPartOf\":{\"@id\":\"https:\/\/ansotec.com\/#website\"},\"datePublished\":\"2024-03-04T10:19:48+00:00\",\"dateModified\":\"2026-02-02T16:18:12+00:00\",\"description\":\"Cookies policy &#8212; Ansotec\",\"breadcrumb\":{\"@id\":\"https:\/\/ansotec.com\/en\/cookies-policy\/#breadcrumb\"},\"inLanguage\":\"en-US\",\"potentialAction\":[{\"@type\":\"ReadAction\",\"target\":[\"https:\/\/ansotec.com\/en\/cookies-policy\/\"]}]},{\"@type\":\"BreadcrumbList\",\"@id\":\"https:\/\/ansotec.com\/en\/cookies-policy\/#breadcrumb\",\"itemListElement\":[{\"@type\":\"ListItem\",\"position\":1,\"name\":\"Inicio\",\"item\":\"https:\/\/ansotec.com\/en\/home\/\"},{\"@type\":\"ListItem\",\"position\":2,\"name\":\"Cookies policy\"}]},{\"@type\":\"WebSite\",\"@id\":\"https:\/\/ansotec.com\/#website\",\"url\":\"https:\/\/ansotec.com\/\",\"name\":\"Ansotec\",\"description\":\"La Misi\u00f3n de Ansotec consiste en liderar la transformaci\u00f3n digital en la industria espa\u00f1ola optimizando los procesos productivos de nuestros clientes a trav\u00e9s de la ingenier\u00eda y control industrial, mejorando la rentabilidad y aportando ventajas competitivas sostenibles a largo plazo a trav\u00e9s de un servicio integral.\",\"alternateName\":\"Transformaci\u00f3n digital para la industria\",\"potentialAction\":[{\"@type\":\"SearchAction\",\"target\":{\"@type\":\"EntryPoint\",\"urlTemplate\":\"https:\/\/ansotec.com\/?s={search_term_string}\"},\"query-input\":{\"@type\":\"PropertyValueSpecification\",\"valueRequired\":true,\"valueName\":\"search_term_string\"}}],\"inLanguage\":\"en-US\"}]}<\/script>\n<!-- \/ Yoast SEO plugin. -->","yoast_head_json":{"title":"Cookies policy &#8212; Ansotec","description":"Cookies policy &#8212; Ansotec","robots":{"index":"noindex","follow":"nofollow"},"og_locale":"en_US","og_type":"article","og_title":"Cookies policy &#8212; Ansotec","og_description":"Cookies policy &#8212; Ansotec","og_url":"https:\/\/ansotec.com\/en\/cookies-policy\/","og_site_name":"Ansotec","article_modified_time":"2026-02-02T16:18:12+00:00","twitter_card":"summary_large_image","twitter_misc":{"Est. reading time":"6 minutes"},"schema":{"@context":"https:\/\/schema.org","@graph":[{"@type":"WebPage","@id":"https:\/\/ansotec.com\/en\/cookies-policy\/","url":"https:\/\/ansotec.com\/en\/cookies-policy\/","name":"Cookies policy &#8212; Ansotec","isPartOf":{"@id":"https:\/\/ansotec.com\/#website"},"datePublished":"2024-03-04T10:19:48+00:00","dateModified":"2026-02-02T16:18:12+00:00","description":"Cookies policy &#8212; Ansotec","breadcrumb":{"@id":"https:\/\/ansotec.com\/en\/cookies-policy\/#breadcrumb"},"inLanguage":"en-US","potentialAction":[{"@type":"ReadAction","target":["https:\/\/ansotec.com\/en\/cookies-policy\/"]}]},{"@type":"BreadcrumbList","@id":"https:\/\/ansotec.com\/en\/cookies-policy\/#breadcrumb","itemListElement":[{"@type":"ListItem","position":1,"name":"Inicio","item":"https:\/\/ansotec.com\/en\/home\/"},{"@type":"ListItem","position":2,"name":"Cookies policy"}]},{"@type":"WebSite","@id":"https:\/\/ansotec.com\/#website","url":"https:\/\/ansotec.com\/","name":"Ansotec","description":"La Misi\u00f3n de Ansotec consiste en liderar la transformaci\u00f3n digital en la industria espa\u00f1ola optimizando los procesos productivos de nuestros clientes a trav\u00e9s de la ingenier\u00eda y control industrial, mejorando la rentabilidad y aportando ventajas competitivas sostenibles a largo plazo a trav\u00e9s de un servicio integral.","alternateName":"Transformaci\u00f3n digital para la industria","potentialAction":[{"@type":"SearchAction","target":{"@type":"EntryPoint","urlTemplate":"https:\/\/ansotec.com\/?s={search_term_string}"},"query-input":{"@type":"PropertyValueSpecification","valueRequired":true,"valueName":"search_term_string"}}],"inLanguage":"en-US"}]}},"_links":{"self":[{"href":"https:\/\/ansotec.com\/en\/wp-json\/wp\/v2\/pages\/7224","targetHints":{"allow":["GET"]}}],"collection":[{"href":"https:\/\/ansotec.com\/en\/wp-json\/wp\/v2\/pages"}],"about":[{"href":"https:\/\/ansotec.com\/en\/wp-json\/wp\/v2\/types\/page"}],"author":[{"embeddable":true,"href":"https:\/\/ansotec.com\/en\/wp-json\/wp\/v2\/users\/1"}],"replies":[{"embeddable":true,"href":"https:\/\/ansotec.com\/en\/wp-json\/wp\/v2\/comments?post=7224"}],"version-history":[{"count":3,"href":"https:\/\/ansotec.com\/en\/wp-json\/wp\/v2\/pages\/7224\/revisions"}],"predecessor-version":[{"id":9103,"href":"https:\/\/ansotec.com\/en\/wp-json\/wp\/v2\/pages\/7224\/revisions\/9103"}],"wp:attachment":[{"href":"https:\/\/ansotec.com\/en\/wp-json\/wp\/v2\/media?parent=7224"}],"curies":[{"name":"wp","href":"https:\/\/api.w.org\/{rel}","templated":true}]}}