{"id":7220,"date":"2024-03-04T11:19:36","date_gmt":"2024-03-04T10:19:36","guid":{"rendered":"https:\/\/ansotec.witdesarrollo.es\/legal-notice\/"},"modified":"2026-02-02T17:21:30","modified_gmt":"2026-02-02T16:21:30","slug":"legal-notice","status":"publish","type":"page","link":"https:\/\/ansotec.com\/en\/legal-notice\/","title":{"rendered":"Legal notice"},"content":{"rendered":"\n<h1 class=\"wp-block-heading has-text-color has-link-color wp-elements-827eb48d957fae029e4de052a74cce96\" style=\"color:#ffffff2e\">LEGAL NOTICE<\/h1>\n\n\n\n<h3 class=\"wp-block-heading\">Datos de la empresa<\/h3>\n\n\n\n<p>En cumplimiento del art\u00edculo 10 de la Ley 34\/2002, de 11 de julio, de Servicios de la Sociedad de la Informaci\u00f3n y Comercio Electr\u00f3nico, y como responsables de tratamiento de datos que puedan obtenerse, en base al Reglamento (UE) 2016\/679 de protecci\u00f3n de datos, a continuaci\u00f3n se exponen los datos identificativos del presente portal de internet, que se pone al servicio de los usuarios por el siguiente del titular\/responsable:<\/p>\n\n\n\n<ul class=\"wp-block-list\">\n<li>Denominaci\u00f3n: \u201cANSOTEC SOLUCIONES TECNOL\u00d3GICAS, S.L.\u201d (tambi\u00e9n, \u201cANSOTEC\u201d).<\/li>\n\n\n\n<li>CIF del RESPONSABLE: B-18.822.189<\/li>\n\n\n\n<li>Actividad del responsable: Servicios de ingenier\u00eda para los sectores para los sectores qu\u00edmico, farmac\u00e9utico y agroalimentario.<\/li>\n\n\n\n<li>CNAE: 9499 \u2013 Otras actividades asociativas n.c.o.p.<\/li>\n\n\n\n<li>Direcci\u00f3n: Calle Eras Bajas, N\u00ba 58 \u2013 Local Bajo, CP: 18360 \u2013 Huetor Tajar \u2013 Granada.<\/li>\n\n\n\n<li>Pa\u00eds: Espa\u00f1a<\/li>\n\n\n\n<li>Email de contacto: <a href=\"mailto:info@ansotec.com\">info@ansotec.com<\/a><\/li>\n\n\n\n<li>P\u00e1gina Web: www.ansotec.com<\/li>\n\n\n\n<li>Tel\u00e9fono de contacto: 958 33 51 30 | 958 33 31 51<\/li>\n\n\n\n<li>Fecha de Constituci\u00f3n: 18\/04\/2007<\/li>\n\n\n\n<li>Datos Registro: Registro Mercantil de GRANADA T 1265, F 88, S 8, H GR 32538, I\/A 1<\/li>\n\n\n\n<li>Registro de Actividades de Tratamiento a disposici\u00f3n de la Autoridad de Control.<\/li>\n<\/ul>\n\n\n\n<h3 class=\"wp-block-heading\">Introducci\u00f3n: <\/h3>\n\n\n\n<p>ANSOTEC es una Mercantil con sede en Calle Eras Bajas, N\u00ba 58 \u2013 Local Bajo, CP: 18360 \u2013 Huetor Tajar \u2013 Granada, cuya actividad es Servicios de ingenier\u00eda para los sectores para los sectores qu\u00edmico, farmac\u00e9utico y agroalimentario, (en adelante, los \u201cServicios\u201d). Los Servicios son proporcionados por ANSOTEC. Asimismo, el nombre de dominio, titularidad de ANSOTEC, es ansotec.com.<\/p>\n\n\n\n<p>ANSOTEC como responsable de esta web, asume el compromiso de procesar la informaci\u00f3n de nuestros usuarios y clientes con plenas garant\u00edas y cumplir con los requisitos nacionales y europeos que regulan la recopilaci\u00f3n y uso de los datos personales de nuestros usuarios. Esta web, por tanto, cumple rigurosamente con el RGPD (REGLAMENTO (UE) 2016\/679 de protecci\u00f3n de datos y la LSSI-CE la Ley 34\/2002, de 11 de julio, LSSI.<\/p>\n\n\n\n<h3 class=\"wp-block-heading\">Propiedad intelectual<\/h3>\n\n\n\n<p>El c\u00f3digo fuente, los dise\u00f1os gr\u00e1ficos, los logotipos, las im\u00e1genes, las fotograf\u00edas, los sonidos, las animaciones, el software, los textos, as\u00ed como la informaci\u00f3n y los contenidos que se recogen en el presente sitio web est\u00e1n protegidos por la legislaci\u00f3n espa\u00f1ola sobre los derechos de propiedad intelectual e industrial a favor de ANSOTEC y no se permite la reproducci\u00f3n y\/o publicaci\u00f3n, total o parcial, del sitio web, ni su tratamiento inform\u00e1tico, su distribuci\u00f3n, su difusi\u00f3n, ni su modificaci\u00f3n, transformaci\u00f3n o descompilaci\u00f3n, ni dem\u00e1s derechos reconocidos legalmente a su titular, sin el permiso previo y por escrito de ANSOTEC. El usuario, \u00fanica y exclusivamente, puede utilizar el material que aparezca en este sitio web para su uso personal y privado, quedando prohibido su uso con fines comerciales o para incurrir en actividades il\u00edcitas. Todos los derechos derivados de la propiedad intelectual est\u00e1n expresamente reservados por ANSOTEC\u00ae.<\/p>\n\n\n\n<p>ANSOTEC velar\u00e1 por el cumplimiento de las anteriores condiciones como por la debida utilizaci\u00f3n de los contenidos presentados en sus p\u00e1ginas web, ejercitando todas las acciones civiles y penales que le correspondan en el caso de infracci\u00f3n o incumplimiento de estos derechos por parte del usuario.<\/p>\n\n\n\n<h3 class=\"wp-block-heading\">Protecci\u00f3n de datos de car\u00e1cter personal<\/h3>\n\n\n\n<p>Le informamos que ANSOTEC vela por la seguridad e integridad de sus datos y es responsable de un Registro Interno de Tratamientos de datos (Art. 30) seg\u00fan el nuevo RGPD (REGLAMENTO (UE) 2016\/679 de protecci\u00f3n de datos. Para m\u00e1s informaci\u00f3n, consulte nuestra <a href=\"https:\/\/ansotec.com\/en\/privacy-policy\/\">Pol\u00edtica de Privacidad<\/a> y uso de <a href=\"https:\/\/ansotec.com\/en\/cookies-policy\/\">Cookies<\/a>.<\/p>\n\n\n\n<h3 class=\"wp-block-heading\">Varios<\/h3>\n\n\n\n<p><strong>a. <\/strong><\/p>\n\n\n\n<p>ANSOTEC utiliza cookies que ayudan a optimizar su visita. Las cookies son peque\u00f1os archivos que nuestro ordenador env\u00eda al suyo, pero que no nos proporcionan informaci\u00f3n ni sobre su nombre, ni sobre cualquier dato de car\u00e1cter personal suyo. Cuando el usuario se encuentre navegando por las p\u00e1ginas web de ANSOTEC el servidor donde se encuentra alojada reconoce autom\u00e1ticamente la direcci\u00f3n IP de su ordenador, el d\u00eda y la hora en la que comienza la visita, en la que abandona la visita, as\u00ed como informaci\u00f3n sobre las distintas secciones consultadas. No obstante lo anterior, en la <a href=\"https:\/\/ansotec.com\/en\/cookies-policy\/\">Pol\u00edtica de Cookies<\/a>, se regula el Uso de Cookies por parte de ANSOTEC, comprometi\u00e9ndose el titular de la web a avisar al Usuario, con car\u00e1cter previo, para que acepte el Uso de Cookies, as\u00ed como facilitar informaci\u00f3n sobre las mismas y procedimiento para desactivarlas.<\/p>\n\n\n\n<p><strong>b.<\/strong><\/p>\n\n\n\n<p>ANSOTEC podr\u00e1 modificar, sin previo aviso, la informaci\u00f3n contenida en su sitio web, as\u00ed como su configuraci\u00f3n y presentaci\u00f3n.<\/p>\n\n\n\n<p><strong>c.<\/strong><\/p>\n\n\n\n<p>ANSOTEC se compromete a trav\u00e9s de este medio a NO REALIZAR PUBLICIDAD ENGA\u00d1OSA. A estos efectos, por lo tanto, no ser\u00e1n considerados como publicidad enga\u00f1osa los errores formales o num\u00e9ricos que puedan encontrarse a lo largo del contenido de las distintas secciones de la web de ANSOTEC, producidos como consecuencia de un mantenimiento y\/o actualizaci\u00f3n incompleta o defectuosa de la informaci\u00f3n contenida es estas secciones. ANSOTEC, como consecuencia de lo dispuesto en este apartado, se compromete a corregirlo tan pronto como tenga conocimiento de dichos errores.<\/p>\n\n\n\n<p>ANSOTEC podr\u00e1 realizar, en cualquier momento y sin necesidad de previo aviso, modificaciones y actualizaciones sobre la informaci\u00f3n contenida en su sitio web, o en su configuraci\u00f3n o presentaci\u00f3n. ANSOTEC realiza todos los esfuerzos posibles para que la informaci\u00f3n suministrada a trav\u00e9s de su p\u00e1gina web sea clara, comprensible y adecuada, as\u00ed como para evitar errores en la medida de lo posible y, en su caso, repararlos o actualizarlos. Sin embargo, ANSOTEC no puede garantizar la inexistencia de errores ni que el contenido de la informaci\u00f3n se encuentre permanentemente actualizado.<\/p>\n\n\n\n<p><strong>d.<\/strong><\/p>\n\n\n\n<p>ANSOTEC se compromete a NO REMITIR COMUNICACIONES COMERCIALES SIN IDENTIFICARLAS COMO TALES, conforme a lo dispuesto en la Ley 34\/2002 de Servicios de la Sociedad de la Informaci\u00f3n y de comercio electr\u00f3nico. A estos efectos no ser\u00e1 considerado como comunicaci\u00f3n comercial toda la informaci\u00f3n que se env\u00ede A LOS CLIENTES de ANSOTEC siempre que tenga por finalidad el mantenimiento de la relaci\u00f3n contractual existente, comunicaciones basadas en un inter\u00e9s leg\u00edtimo, necesidad de proporcionar\/requerir determinada informaci\u00f3n de un proyecto\/trabajo, mantenimiento de la relaci\u00f3n profesional entre el Cliente y ANSOTEC, as\u00ed como el desempe\u00f1o de las tareas de informaci\u00f3n, gesti\u00f3n de proyectos, en determinados casos si as\u00ed se hubiere acordado en la propuesta, contrataci\u00f3n de suministros de agua o luz, solicitud e inscripci\u00f3n de t\u00edtulos\/ escrituras, y otras actividades propias del servicio de ingenier\u00eda \/ proyecto de desarrollo que se haya contratado, o que se ofrece a trav\u00e9s de la web de ANSOTEC.<\/p>\n\n\n\n<p><strong>e.<\/strong><\/p>\n\n\n\n<p>ANSOTEC no se hace responsable del incumplimiento de cualquier norma aplicable en que pueda incurrir el usuario en su acceso al sitio web el presente sitio web y\/o en el uso de las informaciones contenidas en el mismo.<\/p>\n\n\n\n<p><strong>f.<\/strong><\/p>\n\n\n\n<p>ANSOTEC no ser\u00e1 responsable de los da\u00f1os y perjuicios producidos o que puedan producirse, cualquiera que sea su naturaleza, que se deriven del uso de la informaci\u00f3n, de las materias contenidas en este web site y de los programas que incorpora. Los enlaces (Links) e hipertexto que posibiliten, a trav\u00e9s del sitio web el presente sitio web, acceder al usuario a prestaciones y servicios ofrecidos por terceros, no pertenecen ni se encuentran bajo el control de ANSOTEC; dicha entidad no se hace responsable ni de la informaci\u00f3n contenida en los mismos ni de cualesquiera efectos que pudieran derivarse de dicha informaci\u00f3n.<\/p>\n\n\n\n<p><strong>g.<\/strong><\/p>\n\n\n\n<p>ANSOTEC no se hace responsable del uso ileg\u00edtimo que terceras personas puedan hacer de los nombres de marca, nombres de producto, marcas comerciales que, no siendo propiedad de dicha entidad, aparezcan en el presente sitio web. Tampoco se responsabiliza de la integridad, veracidad y licitud del contenido de los enlaces a las webs a las que pueda accederse desde el presente sitio web. ANSOTEC se reserva el derecho de ejercitar las acciones legales que considere oportunas derivadas de cualesquiera usos il\u00edcitos por parte de terceros de los contenidos de su p\u00e1gina web.<\/p>\n\n\n\n<p><strong>h.<\/strong><\/p>\n\n\n\n<p>En definitiva, el Usuario es el \u00fanico responsable del uso que realice de los servicios, contenidos, enlaces (links) e hipertexto incluidos en el sitio web el presente sitio web.<\/p>\n\n\n\n<p><strong>i.<\/strong><\/p>\n\n\n\n<p>DURACI\u00d3N Y TERMINACI\u00d3N: La prestaci\u00f3n del servicio de Portal y de los dem\u00e1s Servicios ofrecidos, tienen, en principio, una duraci\u00f3n indefinida. ANSOTEC, no obstante, est\u00e1 autorizada para dar por terminada o suspender la prestaci\u00f3n del servicio del Portal y\/o de cualquiera de los Servicios ofertados en cualquier momento, sin perjuicio de lo que se hubiere dispuesto al respecto, en su caso, en las correspondientes Condiciones Particulares. Cuando ello sea razonablemente posible, ANSOTEC advertir\u00e1 previamente la terminaci\u00f3n o suspensi\u00f3n de la prestaci\u00f3n del servicio de Portal y de los dem\u00e1s Servicios ofrecidos.<\/p>\n\n\n\n<p><strong>j.<\/strong><\/p>\n\n\n\n<p>LEY APLICABLE Y JURISDICCI\u00d3N: El uso y contrataci\u00f3n a trav\u00e9s del presente sitio web se rige por la ley espa\u00f1ola. Para la resoluci\u00f3n de cualquier controversia que pueda surgir con respecto a su validez, ejecuci\u00f3n, cumplimiento o resoluci\u00f3n (total o parcial) se someten a la competencia de los Juzgados de Granada. Constituye este contrato la expresi\u00f3n completa e \u00edntegra del acuerdo entre ANSOTEC y el usuario. La utilizaci\u00f3n del Portal atribuye la condici\u00f3n de usuario e implica la aceptaci\u00f3n plena y sin reservas de todas y cada una de las disposiciones incluidas en este Aviso Legal.<\/p>\n\n\n\n<p>Redacci\u00f3n de Aviso Legal Actualizada a 01\/10\/2018<\/p>\n","protected":false},"excerpt":{"rendered":"<p>LEGAL NOTICE Datos de la empresa En cumplimiento del art\u00edculo 10 de la Ley 34\/2002, de 11 de julio, de Servicios de la Sociedad de la Informaci\u00f3n y Comercio Electr\u00f3nico, y como responsables de tratamiento de datos que puedan obtenerse, en base al Reglamento (UE) 2016\/679 de protecci\u00f3n de datos, a continuaci\u00f3n se exponen los [&hellip;]<\/p>\n","protected":false},"author":1,"featured_media":0,"parent":0,"menu_order":0,"comment_status":"closed","ping_status":"closed","template":"","meta":{"footnotes":""},"class_list":["post-7220","page","type-page","status-publish","hentry"],"yoast_head":"<!-- This site is optimized with the Yoast SEO plugin v27.2 - https:\/\/yoast.com\/product\/yoast-seo-wordpress\/ -->\n<title>Legal notice &#8212; Ansotec<\/title>\n<meta name=\"description\" content=\"Legal notice &#8212; Ansotec\" \/>\n<meta name=\"robots\" content=\"noindex, nofollow\" \/>\n<meta property=\"og:locale\" content=\"en_US\" \/>\n<meta property=\"og:type\" content=\"article\" \/>\n<meta property=\"og:title\" content=\"Legal notice &#8212; Ansotec\" \/>\n<meta property=\"og:description\" content=\"Legal notice &#8212; Ansotec\" \/>\n<meta property=\"og:url\" content=\"https:\/\/ansotec.com\/en\/legal-notice\/\" \/>\n<meta property=\"og:site_name\" content=\"Ansotec\" \/>\n<meta property=\"article:modified_time\" content=\"2026-02-02T16:21:30+00:00\" \/>\n<meta name=\"twitter:card\" content=\"summary_large_image\" \/>\n<meta name=\"twitter:label1\" content=\"Est. reading time\" \/>\n\t<meta name=\"twitter:data1\" content=\"7 minutes\" \/>\n<script type=\"application\/ld+json\" class=\"yoast-schema-graph\">{\"@context\":\"https:\/\/schema.org\",\"@graph\":[{\"@type\":\"WebPage\",\"@id\":\"https:\/\/ansotec.com\/en\/legal-notice\/\",\"url\":\"https:\/\/ansotec.com\/en\/legal-notice\/\",\"name\":\"Legal notice &#8212; Ansotec\",\"isPartOf\":{\"@id\":\"https:\/\/ansotec.com\/#website\"},\"datePublished\":\"2024-03-04T10:19:36+00:00\",\"dateModified\":\"2026-02-02T16:21:30+00:00\",\"description\":\"Legal notice &#8212; Ansotec\",\"breadcrumb\":{\"@id\":\"https:\/\/ansotec.com\/en\/legal-notice\/#breadcrumb\"},\"inLanguage\":\"en-US\",\"potentialAction\":[{\"@type\":\"ReadAction\",\"target\":[\"https:\/\/ansotec.com\/en\/legal-notice\/\"]}]},{\"@type\":\"BreadcrumbList\",\"@id\":\"https:\/\/ansotec.com\/en\/legal-notice\/#breadcrumb\",\"itemListElement\":[{\"@type\":\"ListItem\",\"position\":1,\"name\":\"Inicio\",\"item\":\"https:\/\/ansotec.com\/en\/home\/\"},{\"@type\":\"ListItem\",\"position\":2,\"name\":\"Legal notice\"}]},{\"@type\":\"WebSite\",\"@id\":\"https:\/\/ansotec.com\/#website\",\"url\":\"https:\/\/ansotec.com\/\",\"name\":\"Ansotec\",\"description\":\"La Misi\u00f3n de Ansotec consiste en liderar la transformaci\u00f3n digital en la industria espa\u00f1ola optimizando los procesos productivos de nuestros clientes a trav\u00e9s de la ingenier\u00eda y control industrial, mejorando la rentabilidad y aportando ventajas competitivas sostenibles a largo plazo a trav\u00e9s de un servicio integral.\",\"alternateName\":\"Transformaci\u00f3n digital para la industria\",\"potentialAction\":[{\"@type\":\"SearchAction\",\"target\":{\"@type\":\"EntryPoint\",\"urlTemplate\":\"https:\/\/ansotec.com\/?s={search_term_string}\"},\"query-input\":{\"@type\":\"PropertyValueSpecification\",\"valueRequired\":true,\"valueName\":\"search_term_string\"}}],\"inLanguage\":\"en-US\"}]}<\/script>\n<!-- \/ Yoast SEO plugin. -->","yoast_head_json":{"title":"Legal notice &#8212; Ansotec","description":"Legal notice &#8212; Ansotec","robots":{"index":"noindex","follow":"nofollow"},"og_locale":"en_US","og_type":"article","og_title":"Legal notice &#8212; Ansotec","og_description":"Legal notice &#8212; Ansotec","og_url":"https:\/\/ansotec.com\/en\/legal-notice\/","og_site_name":"Ansotec","article_modified_time":"2026-02-02T16:21:30+00:00","twitter_card":"summary_large_image","twitter_misc":{"Est. reading time":"7 minutes"},"schema":{"@context":"https:\/\/schema.org","@graph":[{"@type":"WebPage","@id":"https:\/\/ansotec.com\/en\/legal-notice\/","url":"https:\/\/ansotec.com\/en\/legal-notice\/","name":"Legal notice &#8212; Ansotec","isPartOf":{"@id":"https:\/\/ansotec.com\/#website"},"datePublished":"2024-03-04T10:19:36+00:00","dateModified":"2026-02-02T16:21:30+00:00","description":"Legal notice &#8212; Ansotec","breadcrumb":{"@id":"https:\/\/ansotec.com\/en\/legal-notice\/#breadcrumb"},"inLanguage":"en-US","potentialAction":[{"@type":"ReadAction","target":["https:\/\/ansotec.com\/en\/legal-notice\/"]}]},{"@type":"BreadcrumbList","@id":"https:\/\/ansotec.com\/en\/legal-notice\/#breadcrumb","itemListElement":[{"@type":"ListItem","position":1,"name":"Inicio","item":"https:\/\/ansotec.com\/en\/home\/"},{"@type":"ListItem","position":2,"name":"Legal notice"}]},{"@type":"WebSite","@id":"https:\/\/ansotec.com\/#website","url":"https:\/\/ansotec.com\/","name":"Ansotec","description":"La Misi\u00f3n de Ansotec consiste en liderar la transformaci\u00f3n digital en la industria espa\u00f1ola optimizando los procesos productivos de nuestros clientes a trav\u00e9s de la ingenier\u00eda y control industrial, mejorando la rentabilidad y aportando ventajas competitivas sostenibles a largo plazo a trav\u00e9s de un servicio integral.","alternateName":"Transformaci\u00f3n digital para la industria","potentialAction":[{"@type":"SearchAction","target":{"@type":"EntryPoint","urlTemplate":"https:\/\/ansotec.com\/?s={search_term_string}"},"query-input":{"@type":"PropertyValueSpecification","valueRequired":true,"valueName":"search_term_string"}}],"inLanguage":"en-US"}]}},"_links":{"self":[{"href":"https:\/\/ansotec.com\/en\/wp-json\/wp\/v2\/pages\/7220","targetHints":{"allow":["GET"]}}],"collection":[{"href":"https:\/\/ansotec.com\/en\/wp-json\/wp\/v2\/pages"}],"about":[{"href":"https:\/\/ansotec.com\/en\/wp-json\/wp\/v2\/types\/page"}],"author":[{"embeddable":true,"href":"https:\/\/ansotec.com\/en\/wp-json\/wp\/v2\/users\/1"}],"replies":[{"embeddable":true,"href":"https:\/\/ansotec.com\/en\/wp-json\/wp\/v2\/comments?post=7220"}],"version-history":[{"count":2,"href":"https:\/\/ansotec.com\/en\/wp-json\/wp\/v2\/pages\/7220\/revisions"}],"predecessor-version":[{"id":9108,"href":"https:\/\/ansotec.com\/en\/wp-json\/wp\/v2\/pages\/7220\/revisions\/9108"}],"wp:attachment":[{"href":"https:\/\/ansotec.com\/en\/wp-json\/wp\/v2\/media?parent=7220"}],"curies":[{"name":"wp","href":"https:\/\/api.w.org\/{rel}","templated":true}]}}